{"id":1219,"date":"2023-03-26T23:05:24","date_gmt":"2023-03-26T20:05:24","guid":{"rendered":"https:\/\/game.discoveramari.gr\/composer-limage\/"},"modified":"2023-06-26T13:16:22","modified_gmt":"2023-06-26T10:16:22","slug":"composer-limage","status":"publish","type":"page","link":"https:\/\/game.discoveramari.gr\/fr\/composer-limage\/","title":{"rendered":"Compl\u00e8te les photos."},"content":{"rendered":"\n<p>Connecte les pi\u00e8ces du puzzle pour r\u00e9v\u00e9ler l&rsquo;image !<\/p>\n\n\n\n<p><\/p>\n","protected":false},"excerpt":{"rendered":"<p>Connecte les pi\u00e8ces du puzzle pour r\u00e9v\u00e9ler l&rsquo;image !<\/p>\n","protected":false},"author":1,"featured_media":0,"parent":0,"menu_order":0,"comment_status":"closed","ping_status":"closed","template":"page-templates\/choose-page.php","meta":[],"_links":{"self":[{"href":"https:\/\/game.discoveramari.gr\/fr\/wp-json\/wp\/v2\/pages\/1219"}],"collection":[{"href":"https:\/\/game.discoveramari.gr\/fr\/wp-json\/wp\/v2\/pages"}],"about":[{"href":"https:\/\/game.discoveramari.gr\/fr\/wp-json\/wp\/v2\/types\/page"}],"author":[{"embeddable":true,"href":"https:\/\/game.discoveramari.gr\/fr\/wp-json\/wp\/v2\/users\/1"}],"replies":[{"embeddable":true,"href":"https:\/\/game.discoveramari.gr\/fr\/wp-json\/wp\/v2\/comments?post=1219"}],"version-history":[{"count":5,"href":"https:\/\/game.discoveramari.gr\/fr\/wp-json\/wp\/v2\/pages\/1219\/revisions"}],"predecessor-version":[{"id":1873,"href":"https:\/\/game.discoveramari.gr\/fr\/wp-json\/wp\/v2\/pages\/1219\/revisions\/1873"}],"wp:attachment":[{"href":"https:\/\/game.discoveramari.gr\/fr\/wp-json\/wp\/v2\/media?parent=1219"}],"curies":[{"name":"wp","href":"https:\/\/api.w.org\/{rel}","templated":true}]}}