{"id":1213,"date":"2023-04-03T13:18:35","date_gmt":"2023-04-03T10:18:35","guid":{"rendered":"https:\/\/game.discoveramari.gr\/puzzle-5\/"},"modified":"2023-06-23T11:46:39","modified_gmt":"2023-06-23T08:46:39","slug":"puzzle-5","status":"publish","type":"page","link":"https:\/\/game.discoveramari.gr\/fr\/puzzle-5\/","title":{"rendered":"Puzzle"},"content":{"rendered":"\n<p>Niveau de difficult\u00e9 : difficile<\/p>\n\n\n\n<p>Connectez les pi\u00e8ces du puzzle pour r\u00e9v\u00e9ler l&rsquo;image !<\/p>\n","protected":false},"excerpt":{"rendered":"<p>Niveau de difficult\u00e9 : difficile Connectez les pi\u00e8ces du puzzle pour r\u00e9v\u00e9ler l&rsquo;image !<\/p>\n","protected":false},"author":1,"featured_media":1739,"parent":0,"menu_order":0,"comment_status":"closed","ping_status":"closed","template":"page-templates\/game-puzzle.php","meta":[],"_links":{"self":[{"href":"https:\/\/game.discoveramari.gr\/fr\/wp-json\/wp\/v2\/pages\/1213"}],"collection":[{"href":"https:\/\/game.discoveramari.gr\/fr\/wp-json\/wp\/v2\/pages"}],"about":[{"href":"https:\/\/game.discoveramari.gr\/fr\/wp-json\/wp\/v2\/types\/page"}],"author":[{"embeddable":true,"href":"https:\/\/game.discoveramari.gr\/fr\/wp-json\/wp\/v2\/users\/1"}],"replies":[{"embeddable":true,"href":"https:\/\/game.discoveramari.gr\/fr\/wp-json\/wp\/v2\/comments?post=1213"}],"version-history":[{"count":2,"href":"https:\/\/game.discoveramari.gr\/fr\/wp-json\/wp\/v2\/pages\/1213\/revisions"}],"predecessor-version":[{"id":1840,"href":"https:\/\/game.discoveramari.gr\/fr\/wp-json\/wp\/v2\/pages\/1213\/revisions\/1840"}],"wp:featuredmedia":[{"embeddable":true,"href":"https:\/\/game.discoveramari.gr\/fr\/wp-json\/wp\/v2\/media\/1739"}],"wp:attachment":[{"href":"https:\/\/game.discoveramari.gr\/fr\/wp-json\/wp\/v2\/media?parent=1213"}],"curies":[{"name":"wp","href":"https:\/\/api.w.org\/{rel}","templated":true}]}}