{"id":1209,"date":"2023-04-03T13:09:42","date_gmt":"2023-04-03T10:09:42","guid":{"rendered":"https:\/\/game.discoveramari.gr\/puzzle-3\/"},"modified":"2023-05-29T13:16:29","modified_gmt":"2023-05-29T10:16:29","slug":"puzzle-3","status":"publish","type":"page","link":"https:\/\/game.discoveramari.gr\/fr\/puzzle-3\/","title":{"rendered":"Puzzle"},"content":{"rendered":"\n<p>Niveau de difficult\u00e9 : moyen<\/p>\n\n<p>Connectez les pi\u00e8ces du puzzle pour r\u00e9v\u00e9ler l&rsquo;image !<\/p>\n","protected":false},"excerpt":{"rendered":"<p>Niveau de difficult\u00e9 : moyen Connectez les pi\u00e8ces du puzzle pour r\u00e9v\u00e9ler l&rsquo;image !<\/p>\n","protected":false},"author":1,"featured_media":0,"parent":0,"menu_order":0,"comment_status":"closed","ping_status":"closed","template":"page-templates\/game-puzzle-drag-diffi.php","meta":[],"_links":{"self":[{"href":"https:\/\/game.discoveramari.gr\/fr\/wp-json\/wp\/v2\/pages\/1209"}],"collection":[{"href":"https:\/\/game.discoveramari.gr\/fr\/wp-json\/wp\/v2\/pages"}],"about":[{"href":"https:\/\/game.discoveramari.gr\/fr\/wp-json\/wp\/v2\/types\/page"}],"author":[{"embeddable":true,"href":"https:\/\/game.discoveramari.gr\/fr\/wp-json\/wp\/v2\/users\/1"}],"replies":[{"embeddable":true,"href":"https:\/\/game.discoveramari.gr\/fr\/wp-json\/wp\/v2\/comments?post=1209"}],"version-history":[{"count":1,"href":"https:\/\/game.discoveramari.gr\/fr\/wp-json\/wp\/v2\/pages\/1209\/revisions"}],"predecessor-version":[{"id":1210,"href":"https:\/\/game.discoveramari.gr\/fr\/wp-json\/wp\/v2\/pages\/1209\/revisions\/1210"}],"wp:attachment":[{"href":"https:\/\/game.discoveramari.gr\/fr\/wp-json\/wp\/v2\/media?parent=1209"}],"curies":[{"name":"wp","href":"https:\/\/api.w.org\/{rel}","templated":true}]}}