{"id":1205,"date":"2023-04-03T12:36:25","date_gmt":"2023-04-03T09:36:25","guid":{"rendered":"https:\/\/game.discoveramari.gr\/puzzle\/"},"modified":"2023-05-29T13:12:51","modified_gmt":"2023-05-29T10:12:51","slug":"puzzle","status":"publish","type":"page","link":"https:\/\/game.discoveramari.gr\/fr\/puzzle\/","title":{"rendered":"Puzzle"},"content":{"rendered":"\n<p>Niveau de difficult\u00e9 : facile<\/p>\n\n<p>Connectez les pi\u00e8ces du puzzle pour r\u00e9v\u00e9ler l&rsquo;image !<\/p>\n","protected":false},"excerpt":{"rendered":"<p>Niveau de difficult\u00e9 : facile Connectez les pi\u00e8ces du puzzle pour r\u00e9v\u00e9ler l&rsquo;image !<\/p>\n","protected":false},"author":1,"featured_media":0,"parent":0,"menu_order":0,"comment_status":"closed","ping_status":"closed","template":"page-templates\/game-puzzle-drag.php","meta":[],"_links":{"self":[{"href":"https:\/\/game.discoveramari.gr\/fr\/wp-json\/wp\/v2\/pages\/1205"}],"collection":[{"href":"https:\/\/game.discoveramari.gr\/fr\/wp-json\/wp\/v2\/pages"}],"about":[{"href":"https:\/\/game.discoveramari.gr\/fr\/wp-json\/wp\/v2\/types\/page"}],"author":[{"embeddable":true,"href":"https:\/\/game.discoveramari.gr\/fr\/wp-json\/wp\/v2\/users\/1"}],"replies":[{"embeddable":true,"href":"https:\/\/game.discoveramari.gr\/fr\/wp-json\/wp\/v2\/comments?post=1205"}],"version-history":[{"count":1,"href":"https:\/\/game.discoveramari.gr\/fr\/wp-json\/wp\/v2\/pages\/1205\/revisions"}],"predecessor-version":[{"id":1206,"href":"https:\/\/game.discoveramari.gr\/fr\/wp-json\/wp\/v2\/pages\/1205\/revisions\/1206"}],"wp:attachment":[{"href":"https:\/\/game.discoveramari.gr\/fr\/wp-json\/wp\/v2\/media?parent=1205"}],"curies":[{"name":"wp","href":"https:\/\/api.w.org\/{rel}","templated":true}]}}