{"id":1143,"date":"2023-03-26T17:32:30","date_gmt":"2023-03-26T14:32:30","guid":{"rendered":"https:\/\/game.discoveramari.gr\/decouvrez-amari-en-jouant\/"},"modified":"2023-07-11T12:29:12","modified_gmt":"2023-07-11T09:29:12","slug":"decouvrez-amari-en-jouant","status":"publish","type":"page","link":"https:\/\/game.discoveramari.gr\/fr\/","title":{"rendered":"D\u00e9couvrez Amari en jouant"},"content":{"rendered":"\n<h2 class=\"wp-block-heading has-text-align-center\">Bienvenue sur l&rsquo;application \u00e9ducative de la Municipalit\u00e9 d&rsquo;Amari.<\/h2>\n\n<p class=\"has-text-align-center\">D\u00e9couvrez la Commune d&rsquo;Amari \u00e0 travers les diff\u00e9rents jeux, dessinez, cherchez, r\u00e9pondez aux jeux de questions.<\/p>\n<div class=\"wp-block-image\">\n<figure class=\"aligncenter size-large\"><img decoding=\"async\" loading=\"lazy\" width=\"1024\" height=\"725\" src=\"https:\/\/game.discoveramari.gr\/wp-content\/uploads\/2023\/06\/introo-1024x725.png\" alt=\"\" class=\"wp-image-1693\" srcset=\"https:\/\/game.discoveramari.gr\/wp-content\/uploads\/2023\/06\/introo-1024x725.png 1024w, https:\/\/game.discoveramari.gr\/wp-content\/uploads\/2023\/06\/introo-300x213.png 300w, https:\/\/game.discoveramari.gr\/wp-content\/uploads\/2023\/06\/introo-768x544.png 768w, https:\/\/game.discoveramari.gr\/wp-content\/uploads\/2023\/06\/introo-1536x1088.png 1536w, https:\/\/game.discoveramari.gr\/wp-content\/uploads\/2023\/06\/introo-640x453.png 640w, https:\/\/game.discoveramari.gr\/wp-content\/uploads\/2023\/06\/introo.png 1920w\" sizes=\"(max-width: 1024px) 100vw, 1024px\" \/><\/figure><\/div>","protected":false},"excerpt":{"rendered":"<p>Bienvenue sur l&rsquo;application \u00e9ducative de la Municipalit\u00e9 d&rsquo;Amari. D\u00e9couvrez la Commune d&rsquo;Amari \u00e0 travers les diff\u00e9rents jeux, dessinez, cherchez, r\u00e9pondez aux jeux de questions.<\/p>\n","protected":false},"author":1,"featured_media":0,"parent":0,"menu_order":0,"comment_status":"closed","ping_status":"closed","template":"page-templates\/main-page.php","meta":[],"_links":{"self":[{"href":"https:\/\/game.discoveramari.gr\/fr\/wp-json\/wp\/v2\/pages\/1143"}],"collection":[{"href":"https:\/\/game.discoveramari.gr\/fr\/wp-json\/wp\/v2\/pages"}],"about":[{"href":"https:\/\/game.discoveramari.gr\/fr\/wp-json\/wp\/v2\/types\/page"}],"author":[{"embeddable":true,"href":"https:\/\/game.discoveramari.gr\/fr\/wp-json\/wp\/v2\/users\/1"}],"replies":[{"embeddable":true,"href":"https:\/\/game.discoveramari.gr\/fr\/wp-json\/wp\/v2\/comments?post=1143"}],"version-history":[{"count":11,"href":"https:\/\/game.discoveramari.gr\/fr\/wp-json\/wp\/v2\/pages\/1143\/revisions"}],"predecessor-version":[{"id":1930,"href":"https:\/\/game.discoveramari.gr\/fr\/wp-json\/wp\/v2\/pages\/1143\/revisions\/1930"}],"wp:attachment":[{"href":"https:\/\/game.discoveramari.gr\/fr\/wp-json\/wp\/v2\/media?parent=1143"}],"curies":[{"name":"wp","href":"https:\/\/api.w.org\/{rel}","templated":true}]}}