{"id":1359,"date":"2023-04-04T10:55:21","date_gmt":"2023-04-04T07:55:21","guid":{"rendered":"https:\/\/game.discoveramari.gr\/zeichne-amari\/"},"modified":"2023-06-30T10:19:46","modified_gmt":"2023-06-30T07:19:46","slug":"zeichne-amari","status":"publish","type":"page","link":"https:\/\/game.discoveramari.gr\/de\/zeichne-amari\/","title":{"rendered":"Zeichne Amari"},"content":{"rendered":"\n<p>W\u00e4hlen Sie etwas von Amari, das Ihnen am besten gefallen hat, und erschaffen Sie Ihr eigenes Kunstwerk. Anschlie\u00dfend k\u00f6nnen Sie wenn Sie wollen \u00a0es ausdrucken oder auf Ihrem Computer speichern!<\/p>\n","protected":false},"excerpt":{"rendered":"<p>W\u00e4hlen Sie etwas von Amari, das Ihnen am besten gefallen hat, und erschaffen Sie Ihr eigenes Kunstwerk. Anschlie\u00dfend k\u00f6nnen Sie wenn Sie wollen \u00a0es ausdrucken oder auf Ihrem Computer speichern!<\/p>\n","protected":false},"author":1,"featured_media":0,"parent":0,"menu_order":0,"comment_status":"closed","ping_status":"closed","template":"page-templates\/game-paint.php","meta":[],"_links":{"self":[{"href":"https:\/\/game.discoveramari.gr\/de\/wp-json\/wp\/v2\/pages\/1359"}],"collection":[{"href":"https:\/\/game.discoveramari.gr\/de\/wp-json\/wp\/v2\/pages"}],"about":[{"href":"https:\/\/game.discoveramari.gr\/de\/wp-json\/wp\/v2\/types\/page"}],"author":[{"embeddable":true,"href":"https:\/\/game.discoveramari.gr\/de\/wp-json\/wp\/v2\/users\/1"}],"replies":[{"embeddable":true,"href":"https:\/\/game.discoveramari.gr\/de\/wp-json\/wp\/v2\/comments?post=1359"}],"version-history":[{"count":2,"href":"https:\/\/game.discoveramari.gr\/de\/wp-json\/wp\/v2\/pages\/1359\/revisions"}],"predecessor-version":[{"id":1886,"href":"https:\/\/game.discoveramari.gr\/de\/wp-json\/wp\/v2\/pages\/1359\/revisions\/1886"}],"wp:attachment":[{"href":"https:\/\/game.discoveramari.gr\/de\/wp-json\/wp\/v2\/media?parent=1359"}],"curies":[{"name":"wp","href":"https:\/\/api.w.org\/{rel}","templated":true}]}}